{"id":106,"date":"2022-01-05T21:17:08","date_gmt":"2022-01-06T07:17:08","guid":{"rendered":"https:\/\/mooreatourisme.com\/comite-du-tourisme-de-moorea\/"},"modified":"2022-01-05T21:17:08","modified_gmt":"2022-01-06T07:17:08","slug":"comite-du-tourisme-de-moorea","status":"publish","type":"page","link":"https:\/\/mooreatourisme.com\/fr\/","title":{"rendered":"Comit\u00e9 du Tourisme de Moorea"},"content":{"rendered":"\n<p>Office officiel du tourisme de l&rsquo;\u00eele de Moorea en Polyn\u00e9sie fran\u00e7aise. Guide de voyage complet \u00e0 Moorea. Explorez l&rsquo;\u00eele de Moorea. Chaque aventure \u00e0 Moorea commence ici. Retrouvez toutes les informations n\u00e9cessaires pour visiter l&rsquo;\u00eele de Moorea en Polyn\u00e9sie fran\u00e7aise sur notre tout nouveau site internet MooreaTourisme.com d\u00e8s maintenant !<\/p>\n","protected":false},"excerpt":{"rendered":"<p>Office officiel du tourisme de l&rsquo;\u00eele de Moorea en Polyn\u00e9sie fran\u00e7aise. Guide de voyage complet \u00e0 Moorea. Explorez l&rsquo;\u00eele de Moorea. Chaque aventure \u00e0 Moorea commence ici. Retrouvez toutes les&#8230;<\/p>\n","protected":false},"author":1,"featured_media":0,"parent":0,"menu_order":0,"comment_status":"closed","ping_status":"closed","template":"page-home.php","meta":{"footnotes":""},"class_list":["post-106","page","type-page","status-publish","hentry"],"_links":{"self":[{"href":"https:\/\/mooreatourisme.com\/fr\/wp-json\/wp\/v2\/pages\/106","targetHints":{"allow":["GET"]}}],"collection":[{"href":"https:\/\/mooreatourisme.com\/fr\/wp-json\/wp\/v2\/pages"}],"about":[{"href":"https:\/\/mooreatourisme.com\/fr\/wp-json\/wp\/v2\/types\/page"}],"author":[{"embeddable":true,"href":"https:\/\/mooreatourisme.com\/fr\/wp-json\/wp\/v2\/users\/1"}],"replies":[{"embeddable":true,"href":"https:\/\/mooreatourisme.com\/fr\/wp-json\/wp\/v2\/comments?post=106"}],"version-history":[{"count":1,"href":"https:\/\/mooreatourisme.com\/fr\/wp-json\/wp\/v2\/pages\/106\/revisions"}],"predecessor-version":[{"id":107,"href":"https:\/\/mooreatourisme.com\/fr\/wp-json\/wp\/v2\/pages\/106\/revisions\/107"}],"wp:attachment":[{"href":"https:\/\/mooreatourisme.com\/fr\/wp-json\/wp\/v2\/media?parent=106"}],"curies":[{"name":"wp","href":"https:\/\/api.w.org\/{rel}","templated":true}]}}